{"id":5762,"date":"2025-04-28T15:09:32","date_gmt":"2025-04-28T13:09:32","guid":{"rendered":"https:\/\/shop-kinematica.ch\/product\/polytron-pt-6100-d\/"},"modified":"2025-08-13T13:03:09","modified_gmt":"2025-08-13T11:03:09","slug":"polytron-pt-6100-d","status":"publish","type":"product","link":"https:\/\/shop-kinematica.ch\/de\/produkt\/polytron-pt-6100-d\/","title":{"rendered":"Polytron PT 6100 D"},"content":{"rendered":"<h2 class=\"py-5 text-[24px]\">Polytron \/ Leistungsstarker Stativ-Dispergier (High-End Line)<\/h2>\n<p>Leistungsstarker Stativ-Dispergier (High-End-Line), flexibel einsetzbar mit EU-Stromkabel, PC-Software, RS-232 \/ USB-Kabel (230 V)<\/p>\n<p>H\u00f6chste Anspr\u00fcche an Reproduzierbarkeit oder Scale-up, werden auch bei gr\u00f6sseren Mengen durch die Leistungsreserven dieses Antriebes abgedeckt. Das komplett digitalisierte Steuerungs- und Regelsystem l\u00e4sst sich in einfachster Weise bedienen. Durch das beleuchtete LCD-Display werden alle ben\u00f6tigten Parameter angezeigt und k\u00f6nnen bei Bedarf angepasst werden.<\/p>\n","protected":false},"excerpt":{"rendered":"<h2 class=\"py-5 text-[24px]\">Polytron \/ Leistungsstarker Stativ-Dispergier (High-End Line)<\/h2>\n<p>Leistungsstarker Stativ-Dispergier (High-End-Line), flexibel einsetzbar mit EU-Stromkabel, PC-Software, RS-232 \/ USB-Kabel (230 V)<\/p>\n<p>H\u00f6chste Anspr\u00fcche an Reproduzierbarkeit oder Scale-up, werden auch bei gr\u00f6sseren Mengen durch die Leistungsreserven dieses Antriebes abgedeckt. Das komplett digitalisierte Steuerungs- und Regelsystem l\u00e4sst sich in einfachster Weise bedienen. Durch das beleuchtete LCD-Display werden alle ben\u00f6tigten Parameter angezeigt und k\u00f6nnen bei Bedarf angepasst werden.<\/p>\n<p>Drive Unit inkl. Netzkabel EU Typ E+F (CEE7\/7)<\/p>\n","protected":false},"featured_media":5769,"template":"","meta":{"_acf_changed":false},"product_brand":[],"product_cat":[442,437,440],"product_tag":[490,478,489,492,491],"class_list":{"0":"post-5762","1":"product","2":"type-product","3":"status-publish","4":"has-post-thumbnail","6":"product_cat-antriebe","7":"product_cat-batch-dispergiergereate","8":"product_cat-labor-de-batch","9":"product_tag-disperser-de","10":"product_tag-kinematica-de","11":"product_tag-polytron-de","12":"product_tag-pt-6100-de","13":"product_tag-stand-disperser-de","15":"first","16":"instock","17":"shipping-taxable","18":"purchasable","19":"product-type-simple"},"acf":[],"_links":{"self":[{"href":"https:\/\/shop-kinematica.ch\/de\/wp-json\/wp\/v2\/product\/5762","targetHints":{"allow":["GET"]}}],"collection":[{"href":"https:\/\/shop-kinematica.ch\/de\/wp-json\/wp\/v2\/product"}],"about":[{"href":"https:\/\/shop-kinematica.ch\/de\/wp-json\/wp\/v2\/types\/product"}],"version-history":[{"count":0,"href":"https:\/\/shop-kinematica.ch\/de\/wp-json\/wp\/v2\/product\/5762\/revisions"}],"wp:featuredmedia":[{"embeddable":true,"href":"https:\/\/shop-kinematica.ch\/de\/wp-json\/wp\/v2\/media\/5769"}],"wp:attachment":[{"href":"https:\/\/shop-kinematica.ch\/de\/wp-json\/wp\/v2\/media?parent=5762"}],"wp:term":[{"taxonomy":"product_brand","embeddable":true,"href":"https:\/\/shop-kinematica.ch\/de\/wp-json\/wp\/v2\/product_brand?post=5762"},{"taxonomy":"product_cat","embeddable":true,"href":"https:\/\/shop-kinematica.ch\/de\/wp-json\/wp\/v2\/product_cat?post=5762"},{"taxonomy":"product_tag","embeddable":true,"href":"https:\/\/shop-kinematica.ch\/de\/wp-json\/wp\/v2\/product_tag?post=5762"}],"curies":[{"name":"wp","href":"https:\/\/api.w.org\/{rel}","templated":true}]}}