{"id":5788,"date":"2025-04-28T09:29:01","date_gmt":"2025-04-28T07:29:01","guid":{"rendered":"https:\/\/shop-kinematica.ch\/product\/polytron-pt-3100-d\/"},"modified":"2025-09-19T13:55:48","modified_gmt":"2025-09-19T11:55:48","slug":"polytron-pt-3100-d","status":"publish","type":"product","link":"https:\/\/shop-kinematica.ch\/de\/produkt\/polytron-pt-3100-d\/","title":{"rendered":"Polytron PT 3100 D"},"content":{"rendered":"<h2 class=\"py-5 text-[24px]\">Polytron \/ Stativ-Dispergier (High-End-line)<\/h2>\n<p class=\"py-5 text-[24px]\">Stativ-Dispergier (High-End-line), flexibel einsetzbar mit EU-Stromkabel, PC-Software, RS-232 \/ USB-Kabel (230 V).<\/p>\n<p>Anwendungen mit h\u00f6chsten Anspr\u00fcchen an Reproduzierbarkeit oder Scale-up werden mit diesem Ger\u00e4t effizient gemeistert. Das komplett digitalisierte Steuerungs- und Regelsystem l\u00e4sst sich auf einfachste Weise bedienen. Auf dem beleuchteten LCD-Display sind alle Parameter ersichtlich. Diese sind mittels Folientastatur ver\u00e4nderbar.<\/p>\n","protected":false},"excerpt":{"rendered":"<h2 class=\"py-5 text-[24px]\">Polytron \/ Stativ-Dispergier (High-End-line)<\/h2>\n<p class=\"py-5 text-[24px]\">Stativ-Dispergier (High-End-line), flexibel einsetzbar mit EU-Stromkabel, PC-Software, RS-232 \/ USB-Kabel (230 V).<\/p>\n<p>Anwendungen mit h\u00f6chsten Anspr\u00fcchen an Reproduzierbarkeit oder Scale-up werden mit diesem Ger\u00e4t effizient gemeistert. Das komplett digitalisierte Steuerungs- und Regelsystem l\u00e4sst sich auf einfachste Weise bedienen. Auf dem beleuchteten LCD-Display sind alle Parameter ersichtlich. Diese sind mittels Folientastatur ver\u00e4nderbar.<\/p>\n<figure class=\"image\"><img decoding=\"async\" src=\"https:\/\/old.kinematica.ch\/images\/06_products\/01_polytron_immersion_dispensers\/Vergleich_Polytron_Eng.png\" \/><\/figure>\n","protected":false},"featured_media":5789,"template":"","meta":{"_acf_changed":false},"product_brand":[],"product_cat":[442,437,440],"product_tag":[490,494,493,478,489],"class_list":{"0":"post-5788","1":"product","2":"type-product","3":"status-publish","4":"has-post-thumbnail","6":"product_cat-antriebe","7":"product_cat-batch-dispergiergereate","8":"product_cat-labor-de-batch","9":"product_tag-disperser-de","10":"product_tag-drive-units-de","11":"product_tag-hand-disperser-de","12":"product_tag-kinematica-de","13":"product_tag-polytron-de","15":"first","16":"instock","17":"shipping-taxable","18":"purchasable","19":"product-type-simple"},"acf":[],"_links":{"self":[{"href":"https:\/\/shop-kinematica.ch\/de\/wp-json\/wp\/v2\/product\/5788","targetHints":{"allow":["GET"]}}],"collection":[{"href":"https:\/\/shop-kinematica.ch\/de\/wp-json\/wp\/v2\/product"}],"about":[{"href":"https:\/\/shop-kinematica.ch\/de\/wp-json\/wp\/v2\/types\/product"}],"version-history":[{"count":0,"href":"https:\/\/shop-kinematica.ch\/de\/wp-json\/wp\/v2\/product\/5788\/revisions"}],"wp:featuredmedia":[{"embeddable":true,"href":"https:\/\/shop-kinematica.ch\/de\/wp-json\/wp\/v2\/media\/5789"}],"wp:attachment":[{"href":"https:\/\/shop-kinematica.ch\/de\/wp-json\/wp\/v2\/media?parent=5788"}],"wp:term":[{"taxonomy":"product_brand","embeddable":true,"href":"https:\/\/shop-kinematica.ch\/de\/wp-json\/wp\/v2\/product_brand?post=5788"},{"taxonomy":"product_cat","embeddable":true,"href":"https:\/\/shop-kinematica.ch\/de\/wp-json\/wp\/v2\/product_cat?post=5788"},{"taxonomy":"product_tag","embeddable":true,"href":"https:\/\/shop-kinematica.ch\/de\/wp-json\/wp\/v2\/product_tag?post=5788"}],"curies":[{"name":"wp","href":"https:\/\/api.w.org\/{rel}","templated":true}]}}