{"id":5803,"date":"2025-04-07T16:12:18","date_gmt":"2025-04-07T14:12:18","guid":{"rendered":"https:\/\/shop-kinematica.ch\/product\/polytron-pt-2500-e\/"},"modified":"2025-09-24T10:10:48","modified_gmt":"2025-09-24T08:10:48","slug":"polytron-pt-2500-e","status":"publish","type":"product","link":"https:\/\/shop-kinematica.ch\/de\/produkt\/polytron-pt-2500-e\/","title":{"rendered":"Polytron PT 2500 E"},"content":{"rendered":"<h2>Polytron \/ Stativ-Dispergierger\u00e4t (Ecoline)<\/h2>\n<p>Dispergierer f\u00fcr das budgetbewusste Labor mit EU-Stromkabel (230 V).<\/p>\n<p>In seinem schlanken, schallged\u00e4mmten Geh\u00e4use verbirgt sich gen\u00fcgend Leistung, um eine Vielzahl Ihrer Anwendungen sicher und schnell zu bew\u00e4ltigen. Mit unserem breiten Sortiment an Dispergier-Aggregaten wird die Probenvorbereitung bis hin zur Erprobung von Rezepturen spielend abgedeckt.<\/p>\n<p>Handger\u00e4t (Leichtgewicht 440g) mit Netzteil inkl. EU Typ E+F (CEE7\/7) Netzkabel<\/p>\n","protected":false},"excerpt":{"rendered":"<h2>Polytron \/ Stativ-Dispergierger\u00e4t (Ecoline)<\/h2>\n<p>Dispergierer f\u00fcr das budgetbewusste Labor mit EU-Stromkabel (230 V).<\/p>\n<p>In seinem schlanken, schallged\u00e4mmten Geh\u00e4use verbirgt sich gen\u00fcgend Leistung, um eine Vielzahl Ihrer Anwendungen sicher und schnell zu bew\u00e4ltigen. Mit unserem breiten Sortiment an Dispergier-Aggregaten wird die Probenvorbereitung bis hin zur Erprobung von Rezepturen spielend abgedeckt.<\/p>\n<p>Handger\u00e4t (Leichtgewicht 440g) mit Netzteil inkl. EU Typ E+F (CEE7\/7) Netzkabel<\/p>\n<p>Netzkabel<\/p>\n","protected":false},"featured_media":3116,"template":"","meta":{"_acf_changed":false},"product_brand":[],"product_cat":[442,437,440],"product_tag":[490,494,493,478,489,495],"class_list":{"0":"post-5803","1":"product","2":"type-product","3":"status-publish","4":"has-post-thumbnail","6":"product_cat-antriebe","7":"product_cat-batch-dispergiergereate","8":"product_cat-labor-de-batch","9":"product_tag-disperser-de","10":"product_tag-drive-units-de","11":"product_tag-hand-disperser-de","12":"product_tag-kinematica-de","13":"product_tag-polytron-de","14":"product_tag-pt-2500-e-de","16":"first","17":"instock","18":"shipping-taxable","19":"purchasable","20":"product-type-simple"},"acf":[],"_links":{"self":[{"href":"https:\/\/shop-kinematica.ch\/de\/wp-json\/wp\/v2\/product\/5803","targetHints":{"allow":["GET"]}}],"collection":[{"href":"https:\/\/shop-kinematica.ch\/de\/wp-json\/wp\/v2\/product"}],"about":[{"href":"https:\/\/shop-kinematica.ch\/de\/wp-json\/wp\/v2\/types\/product"}],"version-history":[{"count":0,"href":"https:\/\/shop-kinematica.ch\/de\/wp-json\/wp\/v2\/product\/5803\/revisions"}],"wp:featuredmedia":[{"embeddable":true,"href":"https:\/\/shop-kinematica.ch\/de\/wp-json\/wp\/v2\/media\/3116"}],"wp:attachment":[{"href":"https:\/\/shop-kinematica.ch\/de\/wp-json\/wp\/v2\/media?parent=5803"}],"wp:term":[{"taxonomy":"product_brand","embeddable":true,"href":"https:\/\/shop-kinematica.ch\/de\/wp-json\/wp\/v2\/product_brand?post=5803"},{"taxonomy":"product_cat","embeddable":true,"href":"https:\/\/shop-kinematica.ch\/de\/wp-json\/wp\/v2\/product_cat?post=5803"},{"taxonomy":"product_tag","embeddable":true,"href":"https:\/\/shop-kinematica.ch\/de\/wp-json\/wp\/v2\/product_tag?post=5803"}],"curies":[{"name":"wp","href":"https:\/\/api.w.org\/{rel}","templated":true}]}}