{"id":5821,"date":"2025-04-17T14:56:38","date_gmt":"2025-04-17T12:56:38","guid":{"rendered":"https:\/\/shop-kinematica.ch\/product\/pt-dd-36-60\/"},"modified":"2026-01-08T15:49:20","modified_gmt":"2026-01-08T14:49:20","slug":"pt-dd-36-60","status":"publish","type":"product","link":"https:\/\/shop-kinematica.ch\/de\/produkt\/pt-dd-36-60\/","title":{"rendered":"PT-DD 36-60"},"content":{"rendered":"<h2>Dispergierger\u00e4t f\u00fcr das Technikum<\/h2>\n<p>Drive Unit inkl. Hochfrequenz-Drehstrommotor 3.0kW und Frequenzumrichter zur Drehzahlregelung (mit Display, Hauptschalter und Potentiometer), mit Elektrost\u00e4nder (230V) und H-Fu\u00df aus eloxiertem Aluminium, CEE16 Netzkabel, 5m<\/p>\n<p>Dieser POLYTRON\u00ae stellt feinste Dispersionen und Homogenisationen her und ist geeignet f\u00fcr Anwendungsaufgaben bis zu 50 Litern (abh\u00e4ngig von der Viskosit\u00e4t des Produktes und des Dispergier-Aggregates).<\/p>\n","protected":false},"excerpt":{"rendered":"<p>Drive Unit inkl. Hochfrequenz-Drehstrommotor 3.0kW und Frequenzumrichter zur Drehzahlregelung (mit Display, Hauptschalter und Potentiometer), mit Elektrost\u00e4nder (230V) und H-Fu\u00df aus eloxiertem Aluminium, CEE16 Netzkabel, 5m<\/p>\n","protected":false},"featured_media":5823,"template":"","meta":{"_acf_changed":false},"product_brand":[],"product_cat":[437,446],"product_tag":[502,490,618,499,500,489,501],"class_list":{"0":"post-5821","1":"product","2":"type-product","3":"status-publish","4":"has-post-thumbnail","6":"product_cat-batch-dispergiergereate","7":"product_cat-pilot-industrielle-gereate","8":"product_tag-applications-de","9":"product_tag-disperser-de","10":"product_tag-dispersing-de","11":"product_tag-dispersion-unit-de","12":"product_tag-pilot-plan-de","13":"product_tag-polytron-de","14":"product_tag-processes-de","16":"first","17":"instock","18":"shipping-taxable","19":"purchasable","20":"product-type-variable"},"acf":[],"_links":{"self":[{"href":"https:\/\/shop-kinematica.ch\/de\/wp-json\/wp\/v2\/product\/5821","targetHints":{"allow":["GET"]}}],"collection":[{"href":"https:\/\/shop-kinematica.ch\/de\/wp-json\/wp\/v2\/product"}],"about":[{"href":"https:\/\/shop-kinematica.ch\/de\/wp-json\/wp\/v2\/types\/product"}],"version-history":[{"count":0,"href":"https:\/\/shop-kinematica.ch\/de\/wp-json\/wp\/v2\/product\/5821\/revisions"}],"wp:featuredmedia":[{"embeddable":true,"href":"https:\/\/shop-kinematica.ch\/de\/wp-json\/wp\/v2\/media\/5823"}],"wp:attachment":[{"href":"https:\/\/shop-kinematica.ch\/de\/wp-json\/wp\/v2\/media?parent=5821"}],"wp:term":[{"taxonomy":"product_brand","embeddable":true,"href":"https:\/\/shop-kinematica.ch\/de\/wp-json\/wp\/v2\/product_brand?post=5821"},{"taxonomy":"product_cat","embeddable":true,"href":"https:\/\/shop-kinematica.ch\/de\/wp-json\/wp\/v2\/product_cat?post=5821"},{"taxonomy":"product_tag","embeddable":true,"href":"https:\/\/shop-kinematica.ch\/de\/wp-json\/wp\/v2\/product_tag?post=5821"}],"curies":[{"name":"wp","href":"https:\/\/api.w.org\/{rel}","templated":true}]}}