{"id":5835,"date":"2025-04-17T14:38:24","date_gmt":"2025-04-17T12:38:24","guid":{"rendered":"https:\/\/shop-kinematica.ch\/product\/polytron-pt-7100\/"},"modified":"2025-11-14T12:29:54","modified_gmt":"2025-11-14T11:29:54","slug":"polytron-pt-7100","status":"publish","type":"product","link":"https:\/\/shop-kinematica.ch\/de\/produkt\/polytron-pt-7100\/","title":{"rendered":"Polytron PT 7100"},"content":{"rendered":"<h2>Stativ-Dispergierger\u00e4t f\u00fcr das Technikum<\/h2>\n<p>Kinematica- Antriebseinheit inkl. Hochfrequenz-Drehstrommotor 1,5kW und Frequenzumrichter zur Drehzahlregelung (mit Display, Hauptschalter und Potentiometer), mit Elektrost\u00e4nder (230V) und H-Fu\u00df-Sockel aus eloxiertem Aluminium, CH-Netzkabel Typ J (SEV1011).<\/p>\n<p>Dieser PLOYTRON\u00ae stellt feinste Dispersionen und Homogenisationen her und ist geeignet f\u00fcr Anwendungsaufgaben bis zu 40 Litern (abh\u00e4ngig von der Viskosit\u00e4t des Produktes und des Dispergier-Aggregates).<\/p>\n","protected":false},"excerpt":{"rendered":"<h2>Stativ-Dispergierger\u00e4t f\u00fcr das Technikum<\/h2>\n<p>Kinematica- Antriebseinheit inkl. Hochfrequenz-Drehstrommotor 1,5kW und Frequenzumrichter zur Drehzahlregelung (mit Display, Hauptschalter und Potentiometer), mit Elektrost\u00e4nder (230V) und H-Fu\u00df-Sockel aus eloxiertem Aluminium, CH-Netzkabel Typ J (SEV1011).<\/p>\n<p>Dieser PLOYTRON\u00ae stellt feinste Dispersionen und Homogenisationen her und ist geeignet f\u00fcr Anwendungsaufgaben bis zu 40 Litern (abh\u00e4ngig von der Viskosit\u00e4t des Produktes und des Dispergier-Aggregates).<\/p>\n","protected":false},"featured_media":8977,"template":"","meta":{"_acf_changed":false},"product_brand":[],"product_cat":[437,446],"product_tag":[502,490,504,478,489,505],"class_list":{"0":"post-5835","1":"product","2":"type-product","3":"status-publish","4":"has-post-thumbnail","6":"product_cat-batch-dispergiergereate","7":"product_cat-pilot-industrielle-gereate","8":"product_tag-applications-de","9":"product_tag-disperser-de","10":"product_tag-drive-unit-de","11":"product_tag-kinematica-de","12":"product_tag-polytron-de","13":"product_tag-stand-dispersion-de","15":"first","16":"instock","17":"sale","18":"shipping-taxable","19":"purchasable","20":"product-type-simple"},"acf":[],"_links":{"self":[{"href":"https:\/\/shop-kinematica.ch\/de\/wp-json\/wp\/v2\/product\/5835","targetHints":{"allow":["GET"]}}],"collection":[{"href":"https:\/\/shop-kinematica.ch\/de\/wp-json\/wp\/v2\/product"}],"about":[{"href":"https:\/\/shop-kinematica.ch\/de\/wp-json\/wp\/v2\/types\/product"}],"version-history":[{"count":0,"href":"https:\/\/shop-kinematica.ch\/de\/wp-json\/wp\/v2\/product\/5835\/revisions"}],"wp:featuredmedia":[{"embeddable":true,"href":"https:\/\/shop-kinematica.ch\/de\/wp-json\/wp\/v2\/media\/8977"}],"wp:attachment":[{"href":"https:\/\/shop-kinematica.ch\/de\/wp-json\/wp\/v2\/media?parent=5835"}],"wp:term":[{"taxonomy":"product_brand","embeddable":true,"href":"https:\/\/shop-kinematica.ch\/de\/wp-json\/wp\/v2\/product_brand?post=5835"},{"taxonomy":"product_cat","embeddable":true,"href":"https:\/\/shop-kinematica.ch\/de\/wp-json\/wp\/v2\/product_cat?post=5835"},{"taxonomy":"product_tag","embeddable":true,"href":"https:\/\/shop-kinematica.ch\/de\/wp-json\/wp\/v2\/product_tag?post=5835"}],"curies":[{"name":"wp","href":"https:\/\/api.w.org\/{rel}","templated":true}]}}