{"id":5839,"date":"2025-04-07T16:39:23","date_gmt":"2025-04-07T14:39:23","guid":{"rendered":"https:\/\/shop-kinematica.ch\/product\/reactron-rt-10-els\/"},"modified":"2025-08-18T17:46:48","modified_gmt":"2025-08-18T15:46:48","slug":"reactron-rt-10-els","status":"publish","type":"product","link":"https:\/\/shop-kinematica.ch\/de\/produkt\/reactron-rt-10-els\/","title":{"rendered":"Reactron RT 10 ELS"},"content":{"rendered":"<h2>Dispersion-Reaktor &#8211; 10L (Elektrostand)<\/h2>\n<p>Reaktions- und Mischprozesse im Labormasstab, modular aufgebauter Laborreaktor mit EU-Stromkabel (230 V)<\/p>\n<p>Die Labor REACTRON\u00ae Systeme bestehen aus Prozessbeh\u00e4ltern (ein- und mehrwandig, Standardund kundenspezifische Auslegungen), R\u00fchrsysteme f\u00fcr das Makro-Mischen (z.B. mit Ankerr\u00fchrer), POLYTRON\u00ae \/ MEGATRON\u00ae Homogenisier und Mischsysteme f\u00fcr die Zerkleinerung und das Mikro-Mischen, Verrohrungen, Prozesssteuerungen und weiterf\u00fchrendes Zubeh\u00f6r in Abstimmung mit dem Kunden, dem Produkt und dem Verfahren.<\/p>\n","protected":false},"excerpt":{"rendered":"<p>Reaktions- und Mischprozesse im Labormasstab, modular aufgebauter Laborreaktor mit EU-Stromkabel (230 V)<br \/>\nDie Labor REACTRON\u00ae Systeme bestehen aus Prozessbeh\u00e4ltern (ein- und mehrwandig, Standardund kundenspezifische Auslegungen), R\u00fchrsysteme f\u00fcr das Makro-Mischen (z.B. mit Ankerr\u00fchrer), POLYTRON\u00ae \/ MEGATRON\u00ae Homogenisier und Mischsysteme f\u00fcr die Zerkleinerung und das Mikro-Mischen, Verrohrungen, Prozesssteuerungen und weiterf\u00fchrendes Zubeh\u00f6r in Abstimmung mit dem Kunden, dem Produkt und dem Verfahren.<\/p>\n","protected":false},"featured_media":9646,"template":"","meta":{"_acf_changed":false},"product_brand":[],"product_cat":[447,448],"product_tag":[499,592,506,489,507,505],"class_list":{"0":"post-5839","1":"product","2":"type-product","3":"status-publish","4":"has-post-thumbnail","6":"product_cat-dispergiersysteme","7":"product_cat-labor-de-dispersing-system","8":"product_tag-dispersion-unit-de","9":"product_tag-homogenizer-de","10":"product_tag-pilot-plant-de","11":"product_tag-polytron-de","12":"product_tag-reactor-de","13":"product_tag-stand-dispersion-de","15":"first","16":"instock","17":"shipping-taxable","18":"purchasable","19":"product-type-simple"},"acf":[],"_links":{"self":[{"href":"https:\/\/shop-kinematica.ch\/de\/wp-json\/wp\/v2\/product\/5839","targetHints":{"allow":["GET"]}}],"collection":[{"href":"https:\/\/shop-kinematica.ch\/de\/wp-json\/wp\/v2\/product"}],"about":[{"href":"https:\/\/shop-kinematica.ch\/de\/wp-json\/wp\/v2\/types\/product"}],"version-history":[{"count":0,"href":"https:\/\/shop-kinematica.ch\/de\/wp-json\/wp\/v2\/product\/5839\/revisions"}],"wp:featuredmedia":[{"embeddable":true,"href":"https:\/\/shop-kinematica.ch\/de\/wp-json\/wp\/v2\/media\/9646"}],"wp:attachment":[{"href":"https:\/\/shop-kinematica.ch\/de\/wp-json\/wp\/v2\/media?parent=5839"}],"wp:term":[{"taxonomy":"product_brand","embeddable":true,"href":"https:\/\/shop-kinematica.ch\/de\/wp-json\/wp\/v2\/product_brand?post=5839"},{"taxonomy":"product_cat","embeddable":true,"href":"https:\/\/shop-kinematica.ch\/de\/wp-json\/wp\/v2\/product_cat?post=5839"},{"taxonomy":"product_tag","embeddable":true,"href":"https:\/\/shop-kinematica.ch\/de\/wp-json\/wp\/v2\/product_tag?post=5839"}],"curies":[{"name":"wp","href":"https:\/\/api.w.org\/{rel}","templated":true}]}}