{"id":5857,"date":"2025-04-07T16:21:35","date_gmt":"2025-04-07T14:21:35","guid":{"rendered":"https:\/\/shop-kinematica.ch\/product\/mt-fm-series\/"},"modified":"2025-08-19T14:28:15","modified_gmt":"2025-08-19T12:28:15","slug":"mt-fm-series","status":"publish","type":"product","link":"https:\/\/shop-kinematica.ch\/de\/produkt\/mt-fm-series\/","title":{"rendered":"MT-FM Series"},"content":{"rendered":"<h2>Schaumaufschlag-Maschine<\/h2>\n<p>In den letzten Jahren hat der Markt f\u00fcr gesch\u00e4umte Produkte in der chemischen, pharmazeutischen und Lebensmittelindustrie erheblich zugenommen, da sich verschiedene Produkteigenschaften durch einen so genannten Sch\u00e4umungsprozess besser einstellen lassen.<\/p>\n<p>In Zusammenarbeit mit der ETH Z\u00fcrich hat KINEMATICA eine neue Generation an Schaumaufschlagmaschinen in der Baureihe MEGATRON\u00ae FM entwickelt und erfolgreich im Markt platziert. Hervorstechendes Merkmal dieser Baureihe ist die Erzeugung von kleinsten Mikrobl\u00e4schen in der Gr\u00f6ssenordnung bis zu der Gr\u00f6ssenordnung 5-10 \u00b5m und ihrer engen Verteilung aufgrund einer neuartigen Rotor-Statorgeometrie. Die \u00e4usserst effektive Schaumaufschlagmaschine MEGATRON\u00ae FM arbeitet kontinuierlich und ist den Gr\u00f6ssen von Labor-, Technikums- bis hin zur Produktion erh\u00e4ltlich. Dem Scale-up von der Rezepturentwicklung mit wenigen Litern bis hin zur Produktion steht dank unserem Know-how und Maschinenabstufungen nichts im Weg.<\/p>\n","protected":false},"excerpt":{"rendered":"<h2>Schaumaufschlag-Maschine<\/h2>\n<p>In den letzten Jahren hat der Markt f\u00fcr gesch\u00e4umte Produkte in der chemischen, pharmazeutischen und Lebensmittelindustrie erheblich zugenommen, da sich verschiedene Produkteigenschaften durch einen so genannten Sch\u00e4umungsprozess besser einstellen lassen.<\/p>\n<p>In Zusammenarbeit mit der ETH Z\u00fcrich hat KINEMATICA eine neue Generation an Schaumaufschlagmaschinen in der Baureihe MEGATRON\u00ae FM entwickelt und erfolgreich im Markt platziert. Hervorstechendes Merkmal dieser Baureihe ist die Erzeugung von kleinsten Mikrobl\u00e4schen in der Gr\u00f6ssenordnung bis zu der Gr\u00f6ssenordnung 5-10 \u00b5m und ihrer engen Verteilung aufgrund einer neuartigen Rotor-Statorgeometrie. Die \u00e4usserst effektive Schaumaufschlagmaschine MEGATRON\u00ae FM arbeitet kontinuierlich und ist den Gr\u00f6ssen von Labor-, Technikums- bis hin zur Produktion erh\u00e4ltlich. Dem Scale-up von der Rezepturentwicklung mit wenigen Litern bis hin zur Produktion steht dank unserem Know-how und Maschinenabstufungen nichts im Weg.   <\/p>\n","protected":false},"featured_media":3121,"template":"","meta":{"_acf_changed":false},"product_brand":[],"product_cat":[447,449],"product_tag":[514,512,513,516],"class_list":{"0":"post-5857","1":"product","2":"type-product","3":"status-publish","4":"has-post-thumbnail","6":"product_cat-dispergiersysteme","7":"product_cat-pilot-industrielle-gereate-dispersing","8":"product_tag-chemical-de","9":"product_tag-food-industry-de","10":"product_tag-pharmaceutical-de","11":"product_tag-schaumaufschlag-maschine","13":"first","14":"instock","15":"shipping-taxable","16":"product-type-simple"},"acf":[],"_links":{"self":[{"href":"https:\/\/shop-kinematica.ch\/de\/wp-json\/wp\/v2\/product\/5857","targetHints":{"allow":["GET"]}}],"collection":[{"href":"https:\/\/shop-kinematica.ch\/de\/wp-json\/wp\/v2\/product"}],"about":[{"href":"https:\/\/shop-kinematica.ch\/de\/wp-json\/wp\/v2\/types\/product"}],"version-history":[{"count":0,"href":"https:\/\/shop-kinematica.ch\/de\/wp-json\/wp\/v2\/product\/5857\/revisions"}],"wp:featuredmedia":[{"embeddable":true,"href":"https:\/\/shop-kinematica.ch\/de\/wp-json\/wp\/v2\/media\/3121"}],"wp:attachment":[{"href":"https:\/\/shop-kinematica.ch\/de\/wp-json\/wp\/v2\/media?parent=5857"}],"wp:term":[{"taxonomy":"product_brand","embeddable":true,"href":"https:\/\/shop-kinematica.ch\/de\/wp-json\/wp\/v2\/product_brand?post=5857"},{"taxonomy":"product_cat","embeddable":true,"href":"https:\/\/shop-kinematica.ch\/de\/wp-json\/wp\/v2\/product_cat?post=5857"},{"taxonomy":"product_tag","embeddable":true,"href":"https:\/\/shop-kinematica.ch\/de\/wp-json\/wp\/v2\/product_tag?post=5857"}],"curies":[{"name":"wp","href":"https:\/\/api.w.org\/{rel}","templated":true}]}}