{"id":5893,"date":"2025-08-01T11:13:56","date_gmt":"2025-08-01T09:13:56","guid":{"rendered":"https:\/\/shop-kinematica.ch\/product\/polymix-px-mfc-90-d-2-hammer\/"},"modified":"2025-09-05T12:21:56","modified_gmt":"2025-09-05T10:21:56","slug":"polymix-px-mfc-90-d-2-hammer","status":"publish","type":"product","link":"https:\/\/shop-kinematica.ch\/de\/produkt\/polymix-px-mfc-90-d-2-hammer\/","title":{"rendered":"Polymix PX-MFC 90 D"},"content":{"rendered":"<h3>Laborm\u00fchle mit Hammerschlag-Mahleinsatz<\/h3>\n<p>Hammerschlag-Mahleinsatz \/ Laborm\u00fchle, Probenvorbereitung im Labor mit CH-Stromkabel, inkl. Hammerschlag-Mahleinsatz, Sieb (2,0 mm), Werkzeugset, Gestell f\u00fcr Auffangr\u00f6hrchen mit 12 Auffangr\u00f6hrchen (230 V)<\/p>\n<p>Analytik oder Qualit\u00e4tskontrolle aller Industrien ben\u00f6tigen Mahlproben in h\u00f6chster Feinheit. Durch austauschbare Mahleins\u00e4tze und Siebe er\u00f6ffnet sich ein grosser Spielraum f\u00fcr alle Arten von trockenen Proben. Einfaches Handling, hohe Benutzersicherheit und effiziente Mahlergebnisse stehen im Zentrum.<\/p>\n","protected":false},"excerpt":{"rendered":"<h3>Laborm\u00fchle mit Hammerschlag-Mahleinsatz<\/h3>\n<p>Hammerschlag-Mahleinsatz \/ Laborm\u00fchle, Probenvorbereitung im Labor mit CH-Stromkabel, inkl. Hammerschlag-Mahleinsatz, Sieb (2,0 mm), Werkzeugset, Gestell f\u00fcr Auffangr\u00f6hrchen mit 12 Auffangr\u00f6hrchen (230 V)<\/p>\n<p>Analytik oder Qualit\u00e4tskontrolle aller Industrien ben\u00f6tigen Mahlproben in h\u00f6chster Feinheit. Durch austauschbare Mahleins\u00e4tze und Siebe er\u00f6ffnet sich ein grosser Spielraum f\u00fcr alle Arten von trockenen Proben. Einfaches Handling, hohe Benutzersicherheit und effiziente Mahlergebnisse stehen im Zentrum.<\/p>\n","protected":false},"featured_media":5894,"template":"","meta":{"_acf_changed":false},"product_brand":[],"product_cat":[438,465],"product_tag":[518,519,517,520,521],"class_list":{"0":"post-5893","1":"product","2":"type-product","3":"status-publish","4":"has-post-thumbnail","6":"product_cat-labor-de","7":"product_cat-mischen-ruhren","8":"product_tag-hammer-grinding-de","9":"product_tag-laboratory-mill-de","10":"product_tag-polymix-de","11":"product_tag-s-de","12":"product_tag-sieve-de","14":"first","15":"instock","16":"shipping-taxable","17":"purchasable","18":"product-type-simple"},"acf":[],"_links":{"self":[{"href":"https:\/\/shop-kinematica.ch\/de\/wp-json\/wp\/v2\/product\/5893","targetHints":{"allow":["GET"]}}],"collection":[{"href":"https:\/\/shop-kinematica.ch\/de\/wp-json\/wp\/v2\/product"}],"about":[{"href":"https:\/\/shop-kinematica.ch\/de\/wp-json\/wp\/v2\/types\/product"}],"version-history":[{"count":0,"href":"https:\/\/shop-kinematica.ch\/de\/wp-json\/wp\/v2\/product\/5893\/revisions"}],"wp:featuredmedia":[{"embeddable":true,"href":"https:\/\/shop-kinematica.ch\/de\/wp-json\/wp\/v2\/media\/5894"}],"wp:attachment":[{"href":"https:\/\/shop-kinematica.ch\/de\/wp-json\/wp\/v2\/media?parent=5893"}],"wp:term":[{"taxonomy":"product_brand","embeddable":true,"href":"https:\/\/shop-kinematica.ch\/de\/wp-json\/wp\/v2\/product_brand?post=5893"},{"taxonomy":"product_cat","embeddable":true,"href":"https:\/\/shop-kinematica.ch\/de\/wp-json\/wp\/v2\/product_cat?post=5893"},{"taxonomy":"product_tag","embeddable":true,"href":"https:\/\/shop-kinematica.ch\/de\/wp-json\/wp\/v2\/product_tag?post=5893"}],"curies":[{"name":"wp","href":"https:\/\/api.w.org\/{rel}","templated":true}]}}