{"id":5992,"date":"2025-04-30T12:20:29","date_gmt":"2025-04-30T10:20:29","guid":{"rendered":"https:\/\/shop-kinematica.ch\/product\/reactron-rt-2e\/"},"modified":"2025-08-21T11:24:35","modified_gmt":"2025-08-21T09:24:35","slug":"reactron-rt-2e","status":"publish","type":"product","link":"https:\/\/shop-kinematica.ch\/de\/produkt\/reactron-rt-2e\/","title":{"rendered":"Reactron RT 2E"},"content":{"rendered":"<h2><strong>Dispersion-Reaktor &#8211; 2L (Ecoline)<\/strong><\/h2>\n<p>Reaktions- und Mischprozesse im Labormasstab, modular aufgebauter Laborreaktor mit EU-Stromkabel (230 V)<\/p>\n<p>Die Labor REACTRON\u00ae Systeme bestehen aus Prozessbeh\u00e4ltern (ein- und mehrwandig, Standardund kundenspezifische Auslegungen), R\u00fchrsysteme f\u00fcr das Makro-Mischen (z.B. mit Ankerr\u00fchrer), POLYTRON\u00ae \/ MEGATRON\u00ae Homogenisier und Mischsysteme f\u00fcr die Zerkleinerung und das Mikro-Mischen, Verrohrungen, Prozesssteuerungen und weiterf\u00fchrendes Zubeh\u00f6r in Abstimmung mit dem Kunden, dem Produkt und dem Verfahren.<\/p>\n","protected":false},"excerpt":{"rendered":"<h2><strong>Dispersion-Reaktor &#8211; 2L (Ecoline)<\/strong><\/h2>\n<p>Reaktions- und Mischprozesse im Labormasstab, modular aufgebauter Laborreaktor mit EU-Stromkabel (230 V)<\/p>\n<p>Die Labor REACTRON\u00ae Systeme bestehen aus Prozessbeh\u00e4ltern (ein- und mehrwandig, Standardund kundenspezifische Auslegungen), R\u00fchrsysteme f\u00fcr das Makro-Mischen (z.B. mit Ankerr\u00fchrer), POLYTRON\u00ae \/ MEGATRON\u00ae Homogenisier und Mischsysteme f\u00fcr die Zerkleinerung und das Mikro-Mischen, Verrohrungen, Prozesssteuerungen und weiterf\u00fchrendes Zubeh\u00f6r in Abstimmung mit dem Kunden, dem Produkt und dem Verfahren.<\/p>\n","protected":false},"featured_media":5993,"template":"","meta":{"_acf_changed":false},"product_brand":[],"product_cat":[447,448],"product_tag":[490,526,483,489,507,524,527],"class_list":{"0":"post-5992","1":"product","2":"type-product","3":"status-publish","4":"has-post-thumbnail","6":"product_cat-dispergiersysteme","7":"product_cat-labor-de-dispersing-system","8":"product_tag-disperser-de","9":"product_tag-laboratory-systems-de","10":"product_tag-megatron-de","11":"product_tag-polytron-de","12":"product_tag-reactor-de","13":"product_tag-reactron-de","14":"product_tag-stirring-systems-de","16":"first","17":"instock","18":"shipping-taxable","19":"purchasable","20":"product-type-simple"},"acf":[],"_links":{"self":[{"href":"https:\/\/shop-kinematica.ch\/de\/wp-json\/wp\/v2\/product\/5992","targetHints":{"allow":["GET"]}}],"collection":[{"href":"https:\/\/shop-kinematica.ch\/de\/wp-json\/wp\/v2\/product"}],"about":[{"href":"https:\/\/shop-kinematica.ch\/de\/wp-json\/wp\/v2\/types\/product"}],"version-history":[{"count":0,"href":"https:\/\/shop-kinematica.ch\/de\/wp-json\/wp\/v2\/product\/5992\/revisions"}],"wp:featuredmedia":[{"embeddable":true,"href":"https:\/\/shop-kinematica.ch\/de\/wp-json\/wp\/v2\/media\/5993"}],"wp:attachment":[{"href":"https:\/\/shop-kinematica.ch\/de\/wp-json\/wp\/v2\/media?parent=5992"}],"wp:term":[{"taxonomy":"product_brand","embeddable":true,"href":"https:\/\/shop-kinematica.ch\/de\/wp-json\/wp\/v2\/product_brand?post=5992"},{"taxonomy":"product_cat","embeddable":true,"href":"https:\/\/shop-kinematica.ch\/de\/wp-json\/wp\/v2\/product_cat?post=5992"},{"taxonomy":"product_tag","embeddable":true,"href":"https:\/\/shop-kinematica.ch\/de\/wp-json\/wp\/v2\/product_tag?post=5992"}],"curies":[{"name":"wp","href":"https:\/\/api.w.org\/{rel}","templated":true}]}}