{"id":6189,"date":"2025-04-30T07:26:01","date_gmt":"2025-04-30T05:26:01","guid":{"rendered":"https:\/\/shop-kinematica.ch\/product\/mtk-fm-30-q-v\/"},"modified":"2026-01-15T08:43:05","modified_gmt":"2026-01-15T07:43:05","slug":"mtk-fm-30-q-v","status":"publish","type":"product","link":"https:\/\/shop-kinematica.ch\/de\/produkt\/mtk-fm-30-q-v\/","title":{"rendered":"MTK-FM -30 Q-V"},"content":{"rendered":"<h2>Kammer zum Sch\u00e4umen, mit Heiz- \/ K\u00fchlsystem<\/h2>\n<p>Schaumsysteme sind echt interessant f\u00fcr verschiedene Anwendungen in der Pharmazie, Kosmetik, Bauindustrie und Lebensmittelindustrie. Schaumstoffe k\u00f6nnen dazu dienen, die Dichte anzupassen, Texturen zu erzeugen, eine nat\u00fcrliche Wei\u00dfe zu verleihen und die Abwurfverhalten zu verbessern. In allen Anwendungen ist eine feinste, blasige Mikrostruktur erw\u00fcnscht, die mit MEGATRON\u00ae MT-FM von Kinematica AG erzielt werden kann.<\/p>\n","protected":false},"excerpt":{"rendered":"<h2>Kammer zum Sch\u00e4umen, mit Heiz- \/ K\u00fchlsystem<\/h2>\n<p>Schaumsysteme sind echt interessant f\u00fcr verschiedene Anwendungen in der Pharmazie, Kosmetik, Bauindustrie und Lebensmittelindustrie. Schaumstoffe k\u00f6nnen dazu dienen, die Dichte anzupassen, Texturen zu erzeugen, eine nat\u00fcrliche Wei\u00dfe zu verleihen und die Abwurfverhalten zu verbessern. In allen Anwendungen ist eine feinste, blasige Mikrostruktur erw\u00fcnscht, die mit MEGATRON\u00ae MT-FM von Kinematica AG erzielt werden kann.<\/p>\n","protected":false},"featured_media":6163,"template":"","meta":{"_acf_changed":false},"product_brand":[],"product_cat":[452,457],"product_tag":[584,475,583,512,585,478,483,587,586],"class_list":{"0":"post-6189","1":"product","2":"type-product","3":"status-publish","4":"has-post-thumbnail","6":"product_cat-inline-dispergiergereate","7":"product_cat-pilot-industrielle-gereate-dispersing-de","8":"product_tag-cooling-system-de","9":"product_tag-cosmetic-de","10":"product_tag-foaming-unit-de","11":"product_tag-food-industry-de","12":"product_tag-heating-system-de","13":"product_tag-kinematica-de","14":"product_tag-megatron-de","15":"product_tag-mt-fm-de","16":"product_tag-pharmacy-de","18":"first","19":"instock","20":"shipping-taxable","21":"purchasable","22":"product-type-variable"},"acf":[],"_links":{"self":[{"href":"https:\/\/shop-kinematica.ch\/de\/wp-json\/wp\/v2\/product\/6189","targetHints":{"allow":["GET"]}}],"collection":[{"href":"https:\/\/shop-kinematica.ch\/de\/wp-json\/wp\/v2\/product"}],"about":[{"href":"https:\/\/shop-kinematica.ch\/de\/wp-json\/wp\/v2\/types\/product"}],"version-history":[{"count":0,"href":"https:\/\/shop-kinematica.ch\/de\/wp-json\/wp\/v2\/product\/6189\/revisions"}],"wp:featuredmedia":[{"embeddable":true,"href":"https:\/\/shop-kinematica.ch\/de\/wp-json\/wp\/v2\/media\/6163"}],"wp:attachment":[{"href":"https:\/\/shop-kinematica.ch\/de\/wp-json\/wp\/v2\/media?parent=6189"}],"wp:term":[{"taxonomy":"product_brand","embeddable":true,"href":"https:\/\/shop-kinematica.ch\/de\/wp-json\/wp\/v2\/product_brand?post=6189"},{"taxonomy":"product_cat","embeddable":true,"href":"https:\/\/shop-kinematica.ch\/de\/wp-json\/wp\/v2\/product_cat?post=6189"},{"taxonomy":"product_tag","embeddable":true,"href":"https:\/\/shop-kinematica.ch\/de\/wp-json\/wp\/v2\/product_tag?post=6189"}],"curies":[{"name":"wp","href":"https:\/\/api.w.org\/{rel}","templated":true}]}}