{"id":6314,"date":"2025-08-01T14:06:17","date_gmt":"2025-08-01T12:06:17","guid":{"rendered":"https:\/\/shop-kinematica.ch\/product\/mb-950-g\/"},"modified":"2026-02-05T15:12:06","modified_gmt":"2026-02-05T14:12:06","slug":"mb-950-g","status":"publish","type":"product","link":"https:\/\/shop-kinematica.ch\/de\/produkt\/mb-950-g\/","title":{"rendered":"Microtron MB 950 G"},"content":{"rendered":"<h2>Microtron MB 950 G &#8211; Laboratory mixer \/ glass &#8211; Kinematica AG<\/h2>\n<p>Labor-Mixer, Homogenisier- und Mischtechnik f\u00fcr schnittf\u00e4hige, trockene oder fl\u00fcssige Proben mit EU-Stromkabel (230 V)<br \/>Analytik und Qualit\u00e4tskontrolle verlangen nach Ger\u00e4tschaften, welche in der Probenvorbereitung flexibel und einfach in der Handhabung sind. Dieser Mixer ist bestens geeignet f\u00fcr das intensive Mischen, Dispergieren, Homogenisieren, Emulgieren oder Zerkleinern von schnittf\u00e4higen Materialien im trockenen Zustand. Einfaches Handling, hohe Benutzersicherheit und Effizienz sind Garant f\u00fcr erfolgreiche Analysen.  <\/p>\n","protected":false},"excerpt":{"rendered":"<h2>Microtron MB 950 G \u2013 Labormischer \/ Glas \u2013 Kinematica AG<\/h2>\n<p>Labor-Mixer, Homogenisier- und Mischtechnik f\u00fcr schnittf\u00e4hige, trockene oder fl\u00fcssige Proben mit EU-Stromkabel (230 V)<br \/>Analytik und Qualit\u00e4tskontrolle verlangen nach Ger\u00e4tschaften, welche in der Probenvorbereitung flexibel und einfach in der Handhabung sind. Dieser Mixer ist bestens geeignet f\u00fcr das intensive Mischen, Dispergieren, Homogenisieren, Emulgieren oder Zerkleinern von schnittf\u00e4higen Materialien im trockenen Zustand. Einfaches Handling, hohe Benutzersicherheit und Effizienz sind Garant f\u00fcr erfolgreiche Analysen.  <\/p>\n","protected":false},"featured_media":6315,"template":"","meta":{"_acf_changed":false},"product_brand":[],"product_cat":[464,462,461],"product_tag":[609,606,605,478,525,604,608,607],"class_list":{"0":"post-6314","1":"product","2":"type-product","3":"status-publish","4":"has-post-thumbnail","6":"product_cat-antriebe-de-mixing","7":"product_cat-labor-de-mixing","8":"product_cat-mischer-homogenisieren","9":"product_tag-cuttable-materials-de","10":"product_tag-diseprsing-de","11":"product_tag-homogenizing-de","12":"product_tag-kinematica-de","13":"product_tag-laboratory-de","14":"product_tag-laboratory-mixers-de","15":"product_tag-mixers-de","16":"product_tag-mixing-de","18":"first","19":"instock","20":"shipping-taxable","21":"purchasable","22":"product-type-simple"},"acf":[],"_links":{"self":[{"href":"https:\/\/shop-kinematica.ch\/de\/wp-json\/wp\/v2\/product\/6314","targetHints":{"allow":["GET"]}}],"collection":[{"href":"https:\/\/shop-kinematica.ch\/de\/wp-json\/wp\/v2\/product"}],"about":[{"href":"https:\/\/shop-kinematica.ch\/de\/wp-json\/wp\/v2\/types\/product"}],"version-history":[{"count":1,"href":"https:\/\/shop-kinematica.ch\/de\/wp-json\/wp\/v2\/product\/6314\/revisions"}],"predecessor-version":[{"id":9494,"href":"https:\/\/shop-kinematica.ch\/de\/wp-json\/wp\/v2\/product\/6314\/revisions\/9494"}],"wp:featuredmedia":[{"embeddable":true,"href":"https:\/\/shop-kinematica.ch\/de\/wp-json\/wp\/v2\/media\/6315"}],"wp:attachment":[{"href":"https:\/\/shop-kinematica.ch\/de\/wp-json\/wp\/v2\/media?parent=6314"}],"wp:term":[{"taxonomy":"product_brand","embeddable":true,"href":"https:\/\/shop-kinematica.ch\/de\/wp-json\/wp\/v2\/product_brand?post=6314"},{"taxonomy":"product_cat","embeddable":true,"href":"https:\/\/shop-kinematica.ch\/de\/wp-json\/wp\/v2\/product_cat?post=6314"},{"taxonomy":"product_tag","embeddable":true,"href":"https:\/\/shop-kinematica.ch\/de\/wp-json\/wp\/v2\/product_tag?post=6314"}],"curies":[{"name":"wp","href":"https:\/\/api.w.org\/{rel}","templated":true}]}}