{"id":6790,"date":"2025-05-16T13:39:19","date_gmt":"2025-05-16T11:39:19","guid":{"rendered":"https:\/\/shop-kinematica.ch\/product\/shortened-boom-rod-st-p-14\/"},"modified":"2025-09-03T13:59:48","modified_gmt":"2025-09-03T11:59:48","slug":"shortened-boom-rod-st-p-14","status":"publish","type":"product","link":"https:\/\/shop-kinematica.ch\/de\/produkt\/shortened-boom-rod-st-p-14\/","title":{"rendered":"Verk\u00fcrzte Auslegerstange"},"content":{"rendered":"<h2 class=\"py-5 text-[24px]\">Passend zum PT 2500 E<\/h2>\n<p>Diese verk\u00fcrzte Auslegerstange f\u00fcr PT 2500 E ist f\u00fcr den Betrieb mit dem ST-P 14 \/ 590 + 500 (Elektrisches Platten-Stativ) notwendig.<\/p>\n<p>&nbsp;<\/p>\n","protected":false},"excerpt":{"rendered":"<h2 class=\"py-5 text-[24px]\">Passend zum PT 2500 E<\/h2>\n<p>Diese verk\u00fcrzte Auslegerstange f\u00fcr PT 2500 E ist f\u00fcr den Betrieb mit dem ST-P 14 \/ 590 + 500 (Elektrisches Platten-Stativ) notwendig.<\/p>\n<p>&nbsp;<\/p>\n","protected":false},"featured_media":6791,"template":"","meta":{"_acf_changed":false},"product_brand":[],"product_cat":[437,440,439],"product_tag":[],"class_list":{"0":"post-6790","1":"product","2":"type-product","3":"status-publish","4":"has-post-thumbnail","6":"product_cat-batch-dispergiergereate","7":"product_cat-labor-de-batch","8":"product_cat-zubehoer-werkzeuge","10":"first","11":"instock","12":"shipping-taxable","13":"purchasable","14":"product-type-simple"},"acf":[],"_links":{"self":[{"href":"https:\/\/shop-kinematica.ch\/de\/wp-json\/wp\/v2\/product\/6790","targetHints":{"allow":["GET"]}}],"collection":[{"href":"https:\/\/shop-kinematica.ch\/de\/wp-json\/wp\/v2\/product"}],"about":[{"href":"https:\/\/shop-kinematica.ch\/de\/wp-json\/wp\/v2\/types\/product"}],"version-history":[{"count":0,"href":"https:\/\/shop-kinematica.ch\/de\/wp-json\/wp\/v2\/product\/6790\/revisions"}],"wp:featuredmedia":[{"embeddable":true,"href":"https:\/\/shop-kinematica.ch\/de\/wp-json\/wp\/v2\/media\/6791"}],"wp:attachment":[{"href":"https:\/\/shop-kinematica.ch\/de\/wp-json\/wp\/v2\/media?parent=6790"}],"wp:term":[{"taxonomy":"product_brand","embeddable":true,"href":"https:\/\/shop-kinematica.ch\/de\/wp-json\/wp\/v2\/product_brand?post=6790"},{"taxonomy":"product_cat","embeddable":true,"href":"https:\/\/shop-kinematica.ch\/de\/wp-json\/wp\/v2\/product_cat?post=6790"},{"taxonomy":"product_tag","embeddable":true,"href":"https:\/\/shop-kinematica.ch\/de\/wp-json\/wp\/v2\/product_tag?post=6790"}],"curies":[{"name":"wp","href":"https:\/\/api.w.org\/{rel}","templated":true}]}}