{"id":6800,"date":"2025-05-16T11:57:54","date_gmt":"2025-05-16T09:57:54","guid":{"rendered":"https:\/\/shop-kinematica.ch\/product\/injector\/"},"modified":"2025-09-03T14:23:45","modified_gmt":"2025-09-03T12:23:45","slug":"injector","status":"publish","type":"product","link":"https:\/\/shop-kinematica.ch\/de\/produkt\/injector\/","title":{"rendered":"Injektor"},"content":{"rendered":"<h2>F\u00fcr PT-DA 20\u2009und PT-DA 25<\/h2>\n<p>Injektor f\u00fcr punktgenaues Injizieren von einer zus\u00e4tzlichen fl\u00fcssigen Phase, wenn bestimmte Anwendungen wie z. B. chemische Reaktionen zun\u00e4chst einen kontrollierten Mischprozess erfordern.<\/p>\n","protected":false},"excerpt":{"rendered":"<h2>F\u00fcr PT-DA 20\u2009und PT-DA 25<\/h2>\n<p>Injektor f\u00fcr punktgenaues Injizieren von einer zus\u00e4tzlichen fl\u00fcssigen Phase, wenn bestimmte Anwendungen wie z. B. chemische Reaktionen zun\u00e4chst einen kontrollierten Mischprozess erfordern.<\/p>\n","protected":false},"featured_media":6801,"template":"","meta":{"_acf_changed":false},"product_brand":[],"product_cat":[437,440,439],"product_tag":[],"class_list":{"0":"post-6800","1":"product","2":"type-product","3":"status-publish","4":"has-post-thumbnail","6":"product_cat-batch-dispergiergereate","7":"product_cat-labor-de-batch","8":"product_cat-zubehoer-werkzeuge","10":"first","11":"instock","12":"shipping-taxable","13":"purchasable","14":"product-type-simple"},"acf":[],"_links":{"self":[{"href":"https:\/\/shop-kinematica.ch\/de\/wp-json\/wp\/v2\/product\/6800","targetHints":{"allow":["GET"]}}],"collection":[{"href":"https:\/\/shop-kinematica.ch\/de\/wp-json\/wp\/v2\/product"}],"about":[{"href":"https:\/\/shop-kinematica.ch\/de\/wp-json\/wp\/v2\/types\/product"}],"version-history":[{"count":0,"href":"https:\/\/shop-kinematica.ch\/de\/wp-json\/wp\/v2\/product\/6800\/revisions"}],"wp:featuredmedia":[{"embeddable":true,"href":"https:\/\/shop-kinematica.ch\/de\/wp-json\/wp\/v2\/media\/6801"}],"wp:attachment":[{"href":"https:\/\/shop-kinematica.ch\/de\/wp-json\/wp\/v2\/media?parent=6800"}],"wp:term":[{"taxonomy":"product_brand","embeddable":true,"href":"https:\/\/shop-kinematica.ch\/de\/wp-json\/wp\/v2\/product_brand?post=6800"},{"taxonomy":"product_cat","embeddable":true,"href":"https:\/\/shop-kinematica.ch\/de\/wp-json\/wp\/v2\/product_cat?post=6800"},{"taxonomy":"product_tag","embeddable":true,"href":"https:\/\/shop-kinematica.ch\/de\/wp-json\/wp\/v2\/product_tag?post=6800"}],"curies":[{"name":"wp","href":"https:\/\/api.w.org\/{rel}","templated":true}]}}