{"id":7636,"date":"2025-05-16T14:46:05","date_gmt":"2025-05-16T12:46:05","guid":{"rendered":"https:\/\/shop-kinematica.ch\/product\/vessel-holder-st-p20\/"},"modified":"2025-09-09T08:12:45","modified_gmt":"2025-09-09T06:12:45","slug":"vessel-holder-st-p20","status":"publish","type":"product","link":"https:\/\/shop-kinematica.ch\/de\/produkt\/vessel-holder-st-p20\/","title":{"rendered":"Vessel holder"},"content":{"rendered":"<h2>Zum Fixieren von Dispergierger\u00e4te, mit F\u00fchrung f\u00fcr ST-P20\/600 + 22\/600<\/h2>\n<p>Gef\u00e4sshalter zur Fixierung von beliebigen Mischbeh\u00e4ltern f\u00fcr ST-P 20 \/ 600<\/p>\n","protected":false},"excerpt":{"rendered":"<h2>Zum Fixieren von Dispergierbeh\u00e4ltern, mit F\u00fchrung f\u00fcr ST-P20\/600 + 22\/600<\/h2>\n<p>Gef\u00e4sshalter zur Fixierung von beliebigen Mischbeh\u00e4ltern f\u00fcr ST-P 20 \/ 600<\/p>\n","protected":false},"featured_media":7637,"template":"","meta":{"_acf_changed":false},"product_brand":[],"product_cat":[437,440,439],"product_tag":[],"class_list":{"0":"post-7636","1":"product","2":"type-product","3":"status-publish","4":"has-post-thumbnail","6":"product_cat-batch-dispergiergereate","7":"product_cat-labor-de-batch","8":"product_cat-zubehoer-werkzeuge","10":"first","11":"instock","12":"shipping-taxable","13":"purchasable","14":"product-type-simple"},"acf":[],"_links":{"self":[{"href":"https:\/\/shop-kinematica.ch\/de\/wp-json\/wp\/v2\/product\/7636","targetHints":{"allow":["GET"]}}],"collection":[{"href":"https:\/\/shop-kinematica.ch\/de\/wp-json\/wp\/v2\/product"}],"about":[{"href":"https:\/\/shop-kinematica.ch\/de\/wp-json\/wp\/v2\/types\/product"}],"version-history":[{"count":0,"href":"https:\/\/shop-kinematica.ch\/de\/wp-json\/wp\/v2\/product\/7636\/revisions"}],"wp:featuredmedia":[{"embeddable":true,"href":"https:\/\/shop-kinematica.ch\/de\/wp-json\/wp\/v2\/media\/7637"}],"wp:attachment":[{"href":"https:\/\/shop-kinematica.ch\/de\/wp-json\/wp\/v2\/media?parent=7636"}],"wp:term":[{"taxonomy":"product_brand","embeddable":true,"href":"https:\/\/shop-kinematica.ch\/de\/wp-json\/wp\/v2\/product_brand?post=7636"},{"taxonomy":"product_cat","embeddable":true,"href":"https:\/\/shop-kinematica.ch\/de\/wp-json\/wp\/v2\/product_cat?post=7636"},{"taxonomy":"product_tag","embeddable":true,"href":"https:\/\/shop-kinematica.ch\/de\/wp-json\/wp\/v2\/product_tag?post=7636"}],"curies":[{"name":"wp","href":"https:\/\/api.w.org\/{rel}","templated":true}]}}