{"id":7901,"date":"2025-05-21T09:03:23","date_gmt":"2025-05-21T07:03:23","guid":{"rendered":"https:\/\/shop-kinematica.ch\/product\/rack-for-tubes\/"},"modified":"2025-09-10T10:01:07","modified_gmt":"2025-09-10T08:01:07","slug":"rack-for-tubes","status":"publish","type":"product","link":"https:\/\/shop-kinematica.ch\/de\/produkt\/rack-for-tubes\/","title":{"rendered":"Gestell f\u00fcr Auffangr\u00f6hrchen"},"content":{"rendered":"<h2>Gestell mit Schublade f\u00fcr 12 Auffangr\u00f6hrchen<\/h2>\n","protected":false},"excerpt":{"rendered":"<div class=\"text-[26px] text-[#00404c] font-bold\">\n<h2 class=\"py-5 text-[24px]\">12 Auffangr\u00f6hrchen f\u00fcr PX-MFC 90 D<\/h2>\n<\/div>\n<div class=\"flex flex-col lg:flex-row gap-8 lg:gap-0 justify-between mt-10\"><\/div>\n","protected":false},"featured_media":7902,"template":"","meta":{"_acf_changed":false},"product_brand":[],"product_cat":[438,465,444],"product_tag":[],"class_list":{"0":"post-7901","1":"product","2":"type-product","3":"status-publish","4":"has-post-thumbnail","6":"product_cat-labor-de","7":"product_cat-mischen-ruhren","8":"product_cat-zubehoer","10":"first","11":"instock","12":"shipping-taxable","13":"purchasable","14":"product-type-simple"},"acf":[],"_links":{"self":[{"href":"https:\/\/shop-kinematica.ch\/de\/wp-json\/wp\/v2\/product\/7901","targetHints":{"allow":["GET"]}}],"collection":[{"href":"https:\/\/shop-kinematica.ch\/de\/wp-json\/wp\/v2\/product"}],"about":[{"href":"https:\/\/shop-kinematica.ch\/de\/wp-json\/wp\/v2\/types\/product"}],"version-history":[{"count":0,"href":"https:\/\/shop-kinematica.ch\/de\/wp-json\/wp\/v2\/product\/7901\/revisions"}],"wp:featuredmedia":[{"embeddable":true,"href":"https:\/\/shop-kinematica.ch\/de\/wp-json\/wp\/v2\/media\/7902"}],"wp:attachment":[{"href":"https:\/\/shop-kinematica.ch\/de\/wp-json\/wp\/v2\/media?parent=7901"}],"wp:term":[{"taxonomy":"product_brand","embeddable":true,"href":"https:\/\/shop-kinematica.ch\/de\/wp-json\/wp\/v2\/product_brand?post=7901"},{"taxonomy":"product_cat","embeddable":true,"href":"https:\/\/shop-kinematica.ch\/de\/wp-json\/wp\/v2\/product_cat?post=7901"},{"taxonomy":"product_tag","embeddable":true,"href":"https:\/\/shop-kinematica.ch\/de\/wp-json\/wp\/v2\/product_tag?post=7901"}],"curies":[{"name":"wp","href":"https:\/\/api.w.org\/{rel}","templated":true}]}}