{"id":7926,"date":"2025-05-20T14:48:47","date_gmt":"2025-05-20T12:48:47","guid":{"rendered":"https:\/\/shop-kinematica.ch\/product\/kd-stirrer\/"},"modified":"2025-09-10T13:16:56","modified_gmt":"2025-09-10T11:16:56","slug":"kd-stirrer","status":"publish","type":"product","link":"https:\/\/shop-kinematica.ch\/de\/produkt\/kd-stirrer\/","title":{"rendered":"KD-R\u00fchrwerk"},"content":{"rendered":"<h2>f\u00fcr hohe Viskosit\u00e4ten<\/h2>\n","protected":false},"excerpt":{"rendered":"<h2>f\u00fcr hohe Viskosit\u00e4ten<\/h2>\n","protected":false},"featured_media":7927,"template":"","meta":{"_acf_changed":false},"product_brand":[],"product_cat":[438,465,444],"product_tag":[],"class_list":{"0":"post-7926","1":"product","2":"type-product","3":"status-publish","4":"has-post-thumbnail","6":"product_cat-labor-de","7":"product_cat-mischen-ruhren","8":"product_cat-zubehoer","10":"first","11":"instock","12":"shipping-taxable","13":"purchasable","14":"product-type-variable"},"acf":[],"_links":{"self":[{"href":"https:\/\/shop-kinematica.ch\/de\/wp-json\/wp\/v2\/product\/7926","targetHints":{"allow":["GET"]}}],"collection":[{"href":"https:\/\/shop-kinematica.ch\/de\/wp-json\/wp\/v2\/product"}],"about":[{"href":"https:\/\/shop-kinematica.ch\/de\/wp-json\/wp\/v2\/types\/product"}],"version-history":[{"count":0,"href":"https:\/\/shop-kinematica.ch\/de\/wp-json\/wp\/v2\/product\/7926\/revisions"}],"wp:featuredmedia":[{"embeddable":true,"href":"https:\/\/shop-kinematica.ch\/de\/wp-json\/wp\/v2\/media\/7927"}],"wp:attachment":[{"href":"https:\/\/shop-kinematica.ch\/de\/wp-json\/wp\/v2\/media?parent=7926"}],"wp:term":[{"taxonomy":"product_brand","embeddable":true,"href":"https:\/\/shop-kinematica.ch\/de\/wp-json\/wp\/v2\/product_brand?post=7926"},{"taxonomy":"product_cat","embeddable":true,"href":"https:\/\/shop-kinematica.ch\/de\/wp-json\/wp\/v2\/product_cat?post=7926"},{"taxonomy":"product_tag","embeddable":true,"href":"https:\/\/shop-kinematica.ch\/de\/wp-json\/wp\/v2\/product_tag?post=7926"}],"curies":[{"name":"wp","href":"https:\/\/api.w.org\/{rel}","templated":true}]}}