{"id":8131,"date":"2025-05-22T14:56:48","date_gmt":"2025-05-22T12:56:48","guid":{"rendered":"https:\/\/shop-kinematica.ch\/product\/lsp-600\/"},"modified":"2025-09-12T09:43:19","modified_gmt":"2025-09-12T07:43:19","slug":"lsp-600","status":"publish","type":"product","link":"https:\/\/shop-kinematica.ch\/de\/produkt\/lsp-600\/","title":{"rendered":"LSP-600"},"content":{"rendered":"<h2>Der LSP-600 Ultraschall-Fl\u00fcssigkeitsprozessor ist f\u00fcr Machbarkeitstests und Verfahrensoptimierung konzipiert. Er kann bis zu 1 Stunde am St\u00fcck im Dauerbetrieb arbeiten und Fl\u00fcssigkeitsmengen bis zu 2 l verarbeiten.<\/h2>\n<p>Der LSP-600 Ultraschall-Fl\u00fcssigkeitsprozessor ist standardm\u00e4\u00dfig ausgestattet mit: 600-W-Ultraschallgenerator, luftgek\u00fchlter Wandler, Vollwellen-Barbell-Horn\u00ae, mittelschweres Stativ, Schraubenschl\u00fcsselsatz und l\u00e4rmmindernde Geh\u00f6rsch\u00fctzer. Optional erh\u00e4ltlich sind: Durchflussreaktorkammer (Durchflusszelle), Magnetr\u00fchrer mit Heizplatte, Wasserk\u00fchler, Luftgebl\u00e4se, 2-Liter-Prozessgef\u00e4\u00df, peristaltische Pumpe, Becherglas, NanoStabilisatoren\u00ae und Filter.<\/p>\n","protected":false},"excerpt":{"rendered":"<h2>Der LSP-600 Ultraschall-Fl\u00fcssigkeitsprozessor ist f\u00fcr Machbarkeitstests und Verfahrensoptimierung konzipiert. Er kann bis zu 1 Stunde am St\u00fcck im Dauerbetrieb arbeiten und Fl\u00fcssigkeitsmengen bis zu 2 l verarbeiten.<\/h2>\n<p>Der LSP-600 Ultraschall-Fl\u00fcssigkeitsprozessor ist standardm\u00e4\u00dfig ausgestattet mit: 600-W-Ultraschallgenerator, luftgek\u00fchlter Wandler, Vollwellen-Barbell-Horn\u00ae, mittelschweres Stativ, Schraubenschl\u00fcsselsatz und l\u00e4rmmindernde Geh\u00f6rsch\u00fctzer. Optional erh\u00e4ltlich sind: Durchflussreaktorkammer (Durchflusszelle), Magnetr\u00fchrer mit Heizplatte, Wasserk\u00fchler, Luftgebl\u00e4se, 2-Liter-Prozessgef\u00e4\u00df, peristaltische Pumpe, Becherglas, NanoStabilisatoren\u00ae und Filter.<\/p>\n","protected":false},"featured_media":8132,"template":"","meta":{"_acf_changed":false},"product_brand":[],"product_cat":[471,468,467],"product_tag":[],"class_list":{"0":"post-8131","1":"product","2":"type-product","3":"status-publish","4":"has-post-thumbnail","6":"product_cat-basisgerate","7":"product_cat-sonomechanics-de","8":"product_cat-ultraschall-homogenisierung","10":"first","11":"instock","12":"shipping-taxable","13":"purchasable","14":"product-type-simple"},"acf":[],"_links":{"self":[{"href":"https:\/\/shop-kinematica.ch\/de\/wp-json\/wp\/v2\/product\/8131","targetHints":{"allow":["GET"]}}],"collection":[{"href":"https:\/\/shop-kinematica.ch\/de\/wp-json\/wp\/v2\/product"}],"about":[{"href":"https:\/\/shop-kinematica.ch\/de\/wp-json\/wp\/v2\/types\/product"}],"version-history":[{"count":0,"href":"https:\/\/shop-kinematica.ch\/de\/wp-json\/wp\/v2\/product\/8131\/revisions"}],"wp:featuredmedia":[{"embeddable":true,"href":"https:\/\/shop-kinematica.ch\/de\/wp-json\/wp\/v2\/media\/8132"}],"wp:attachment":[{"href":"https:\/\/shop-kinematica.ch\/de\/wp-json\/wp\/v2\/media?parent=8131"}],"wp:term":[{"taxonomy":"product_brand","embeddable":true,"href":"https:\/\/shop-kinematica.ch\/de\/wp-json\/wp\/v2\/product_brand?post=8131"},{"taxonomy":"product_cat","embeddable":true,"href":"https:\/\/shop-kinematica.ch\/de\/wp-json\/wp\/v2\/product_cat?post=8131"},{"taxonomy":"product_tag","embeddable":true,"href":"https:\/\/shop-kinematica.ch\/de\/wp-json\/wp\/v2\/product_tag?post=8131"}],"curies":[{"name":"wp","href":"https:\/\/api.w.org\/{rel}","templated":true}]}}