{"id":8157,"date":"2025-05-22T10:08:41","date_gmt":"2025-05-22T08:08:41","guid":{"rendered":"https:\/\/shop-kinematica.ch\/product\/mbh-1000\/"},"modified":"2025-09-12T13:16:10","modified_gmt":"2025-09-12T11:16:10","slug":"mbh-1000","status":"publish","type":"product","link":"https:\/\/shop-kinematica.ch\/de\/produkt\/mbh-1000\/","title":{"rendered":"MBH 1000"},"content":{"rendered":"<h2>Plexiglas-Schutzhaube passend zum MBA 1000<\/h2>\n<p>Diese Schutzhaube ist f\u00fcr den MBA 1000 Mixaufsatz gedacht. Aus Sicherheitsgr\u00fcnden kann der MB 550 Mixer nicht ohne Schutzhaube gestartet werden. Die Abdeckung aus 5 mm dickem Plexiglas sch\u00fctzt den Benutzer bei Glasbruch durch versehentliches Mixen von Steinen oder harten Fremdk\u00f6rpern. H\u00f6he: 228 mm<\/p>\n<p>Diese Schutzhaube kann nur mit dem MB 550 verwendet werden.<\/p>\n","protected":false},"excerpt":{"rendered":"<h2>Plexiglas-Schutzhaube passend zum MBA 1000<\/h2>\n<p>Diese Schutzhaube ist f\u00fcr den MBA 1000 Mixaufsatz gedacht. Aus Sicherheitsgr\u00fcnden kann der MB 550 Mixer nicht ohne Schutzhaube gestartet werden. Die Abdeckung aus 5 mm dickem Plexiglas sch\u00fctzt den Benutzer bei Glasbruch durch versehentliches Mixen von Steinen oder harten Fremdk\u00f6rpern. H\u00f6he: 228 mm<\/p>\n<p>Diese Schutzhaube kann nur mit dem MB 550 verwendet werden.<\/p>\n","protected":false},"featured_media":8158,"template":"","meta":{"_acf_changed":false},"product_brand":[],"product_cat":[462,461,463],"product_tag":[],"class_list":{"0":"post-8157","1":"product","2":"type-product","3":"status-publish","4":"has-post-thumbnail","6":"product_cat-labor-de-mixing","7":"product_cat-mischer-homogenisieren","8":"product_cat-zubehoer-labor-mixing","10":"first","11":"instock","12":"shipping-taxable","13":"purchasable","14":"product-type-simple"},"acf":[],"_links":{"self":[{"href":"https:\/\/shop-kinematica.ch\/de\/wp-json\/wp\/v2\/product\/8157","targetHints":{"allow":["GET"]}}],"collection":[{"href":"https:\/\/shop-kinematica.ch\/de\/wp-json\/wp\/v2\/product"}],"about":[{"href":"https:\/\/shop-kinematica.ch\/de\/wp-json\/wp\/v2\/types\/product"}],"version-history":[{"count":0,"href":"https:\/\/shop-kinematica.ch\/de\/wp-json\/wp\/v2\/product\/8157\/revisions"}],"wp:featuredmedia":[{"embeddable":true,"href":"https:\/\/shop-kinematica.ch\/de\/wp-json\/wp\/v2\/media\/8158"}],"wp:attachment":[{"href":"https:\/\/shop-kinematica.ch\/de\/wp-json\/wp\/v2\/media?parent=8157"}],"wp:term":[{"taxonomy":"product_brand","embeddable":true,"href":"https:\/\/shop-kinematica.ch\/de\/wp-json\/wp\/v2\/product_brand?post=8157"},{"taxonomy":"product_cat","embeddable":true,"href":"https:\/\/shop-kinematica.ch\/de\/wp-json\/wp\/v2\/product_cat?post=8157"},{"taxonomy":"product_tag","embeddable":true,"href":"https:\/\/shop-kinematica.ch\/de\/wp-json\/wp\/v2\/product_tag?post=8157"}],"curies":[{"name":"wp","href":"https:\/\/api.w.org\/{rel}","templated":true}]}}