{"id":8163,"date":"2025-05-21T13:59:12","date_gmt":"2025-05-21T11:59:12","guid":{"rendered":"https:\/\/shop-kinematica.ch\/product\/mba-250\/"},"modified":"2025-09-12T13:27:33","modified_gmt":"2025-09-12T11:27:33","slug":"mba-250","status":"publish","type":"product","link":"https:\/\/shop-kinematica.ch\/de\/produkt\/mba-250\/","title":{"rendered":"MBA 250"},"content":{"rendered":"<h2>Mixaufsatz f\u00fcr MB 950 G &#8211; Arbeitsvolumen: 250 ml<\/h2>\n<p>Nach der Probenvorbereitung kann der Mixaufsatz aus hitzeresistentem Borosilikatglas f\u00fcr weitere Laboraufgaben verwendet werden, ohne dass der Inhalt umgef\u00fcllt werden muss. Die Gl\u00e4ser werden durch ein Glasgewinde \u00fcber einen Zwischenring mit dem Messerkopf einfach zusammengeschraubt.<\/p>\n<p>Dieser Mixaufsatz kann nur mit dem MB 950 G verwendet werden.<\/p>\n","protected":false},"excerpt":{"rendered":"<h2>Mixaufsatz f\u00fcr MB 950 G &#8211; Arbeitsvolumen: 250 ml<\/h2>\n<p>Nach der Probenvorbereitung kann der Mixaufsatz aus hitzeresistentem Borosilikatglas f\u00fcr weitere Laboraufgaben verwendet werden, ohne dass der Inhalt umgef\u00fcllt werden muss. Die Gl\u00e4ser werden durch ein Glasgewinde \u00fcber einen Zwischenring mit dem Messerkopf einfach zusammengeschraubt.<\/p>\n<p>Dieser Mixaufsatz kann nur mit dem MB 950 G verwendet werden.<\/p>\n","protected":false},"featured_media":8164,"template":"","meta":{"_acf_changed":false},"product_brand":[],"product_cat":[462,461,463],"product_tag":[],"class_list":{"0":"post-8163","1":"product","2":"type-product","3":"status-publish","4":"has-post-thumbnail","6":"product_cat-labor-de-mixing","7":"product_cat-mischer-homogenisieren","8":"product_cat-zubehoer-labor-mixing","10":"first","11":"instock","12":"shipping-taxable","13":"purchasable","14":"product-type-simple"},"acf":[],"_links":{"self":[{"href":"https:\/\/shop-kinematica.ch\/de\/wp-json\/wp\/v2\/product\/8163","targetHints":{"allow":["GET"]}}],"collection":[{"href":"https:\/\/shop-kinematica.ch\/de\/wp-json\/wp\/v2\/product"}],"about":[{"href":"https:\/\/shop-kinematica.ch\/de\/wp-json\/wp\/v2\/types\/product"}],"version-history":[{"count":0,"href":"https:\/\/shop-kinematica.ch\/de\/wp-json\/wp\/v2\/product\/8163\/revisions"}],"wp:featuredmedia":[{"embeddable":true,"href":"https:\/\/shop-kinematica.ch\/de\/wp-json\/wp\/v2\/media\/8164"}],"wp:attachment":[{"href":"https:\/\/shop-kinematica.ch\/de\/wp-json\/wp\/v2\/media?parent=8163"}],"wp:term":[{"taxonomy":"product_brand","embeddable":true,"href":"https:\/\/shop-kinematica.ch\/de\/wp-json\/wp\/v2\/product_brand?post=8163"},{"taxonomy":"product_cat","embeddable":true,"href":"https:\/\/shop-kinematica.ch\/de\/wp-json\/wp\/v2\/product_cat?post=8163"},{"taxonomy":"product_tag","embeddable":true,"href":"https:\/\/shop-kinematica.ch\/de\/wp-json\/wp\/v2\/product_tag?post=8163"}],"curies":[{"name":"wp","href":"https:\/\/api.w.org\/{rel}","templated":true}]}}