{"id":9462,"date":"2026-01-20T11:20:36","date_gmt":"2026-01-20T10:20:36","guid":{"rendered":"https:\/\/shop-kinematica.ch\/?post_type=product&#038;p=9462"},"modified":"2026-01-20T12:05:37","modified_gmt":"2026-01-20T11:05:37","slug":"pt-6100-d-st-f10-590-500","status":"publish","type":"product","link":"https:\/\/shop-kinematica.ch\/de\/produkt\/pt-6100-d-st-f10-590-500\/","title":{"rendered":"PT 6100 D \/ ST-P14 \/ 590+500"},"content":{"rendered":"<h2>Leistungsstarker Stativ-Dispergierer (Ecoline) mit Plattenstativ<\/h2>\n<p>Digital programmierbare Antriebseinheit mit PC- und PT100-Schnittstelle, einschliesslich Netzkabel und RS232\/USB-Kabel, mit ST-P14\/590+500 Teleskop-Plattenhalterung, elektrisch angetriebener Hub.<\/p>\n","protected":false},"excerpt":{"rendered":"<h2>Leistungsstarker Stativ-Dispergierer (Ecoline) mit Plattenstativ<\/h2>\n<p>Digital programmierbare Antriebseinheit mit PC- und PT100-Schnittstelle, einschliesslich Netzkabel und RS232\/USB-Kabel, mit ST-F10\/600 H-St\u00e4nder, eloxiert, mit h\u00f6henverstellbarer Beh\u00e4lterhalterung\/Tisch<\/p>\n","protected":false},"featured_media":5794,"template":"","meta":{"_acf_changed":false},"product_brand":[],"product_cat":[437,440,443],"product_tag":[],"class_list":{"0":"post-9462","1":"product","2":"type-product","3":"status-publish","4":"has-post-thumbnail","6":"product_cat-batch-dispergiergereate","7":"product_cat-labor-de-batch","8":"product_cat-pakete","10":"first","11":"instock","12":"shipping-taxable","13":"purchasable","14":"product-type-simple"},"acf":[],"_links":{"self":[{"href":"https:\/\/shop-kinematica.ch\/de\/wp-json\/wp\/v2\/product\/9462","targetHints":{"allow":["GET"]}}],"collection":[{"href":"https:\/\/shop-kinematica.ch\/de\/wp-json\/wp\/v2\/product"}],"about":[{"href":"https:\/\/shop-kinematica.ch\/de\/wp-json\/wp\/v2\/types\/product"}],"version-history":[{"count":0,"href":"https:\/\/shop-kinematica.ch\/de\/wp-json\/wp\/v2\/product\/9462\/revisions"}],"wp:featuredmedia":[{"embeddable":true,"href":"https:\/\/shop-kinematica.ch\/de\/wp-json\/wp\/v2\/media\/5794"}],"wp:attachment":[{"href":"https:\/\/shop-kinematica.ch\/de\/wp-json\/wp\/v2\/media?parent=9462"}],"wp:term":[{"taxonomy":"product_brand","embeddable":true,"href":"https:\/\/shop-kinematica.ch\/de\/wp-json\/wp\/v2\/product_brand?post=9462"},{"taxonomy":"product_cat","embeddable":true,"href":"https:\/\/shop-kinematica.ch\/de\/wp-json\/wp\/v2\/product_cat?post=9462"},{"taxonomy":"product_tag","embeddable":true,"href":"https:\/\/shop-kinematica.ch\/de\/wp-json\/wp\/v2\/product_tag?post=9462"}],"curies":[{"name":"wp","href":"https:\/\/api.w.org\/{rel}","templated":true}]}}